{"id":5,"date":"2014-10-22T20:33:56","date_gmt":"2014-10-22T19:33:56","guid":{"rendered":"http:\/\/dcpf.73s.fr\/?page_id=5"},"modified":"2021-01-22T19:20:52","modified_gmt":"2021-01-22T18:20:52","slug":"reglement","status":"publish","type":"page","link":"https:\/\/dcpf.73s.fr\/?page_id=5","title":{"rendered":"R\u00e8glement"},"content":{"rendered":"<div><\/div>\n<div><\/div>\n<div><\/div>\n<div><\/div>\n<div>\u00a0<a href=\"http:\/\/dcpf.73s.fr\/wp-content\/uploads\/2015\/01\/cher-ami31.jpg\"><img decoding=\"async\" loading=\"lazy\" class=\"alignnone size-thumbnail wp-image-5333\" src=\"http:\/\/dcpf.73s.fr\/wp-content\/uploads\/2015\/01\/cher-ami31-121x150.jpg\" alt=\"cher-ami3\" width=\"121\" height=\"150\" \/><\/a>\u00a0 \u00a0 \u00a0<a href=\"http:\/\/dcpf.73s.fr\/wp-content\/uploads\/2015\/01\/LOGO-du-DCPF.jpg\"><img decoding=\"async\" loading=\"lazy\" class=\"alignnone size-full wp-image-5292\" src=\"http:\/\/dcpf.73s.fr\/wp-content\/uploads\/2015\/01\/LOGO-du-DCPF.jpg\" alt=\"LOGO du DCPF\" width=\"150\" height=\"148\" \/><\/a>\u00a0 \u00a0 \u00a0<a href=\"http:\/\/dcpf.73s.fr\/wp-content\/uploads\/2015\/01\/cher-ami31.jpg\"><img decoding=\"async\" loading=\"lazy\" class=\"alignnone size-full wp-image-5333\" src=\"http:\/\/dcpf.73s.fr\/wp-content\/uploads\/2015\/01\/cher-ami31.jpg\" alt=\"cher-ami3\" width=\"121\" height=\"155\" \/><\/a>\u00a0 \u00a0 \u00a0<a href=\"http:\/\/dcpf.73s.fr\/wp-content\/uploads\/2015\/01\/LOGO-du-DCPF.jpg\"><img decoding=\"async\" loading=\"lazy\" class=\"alignnone size-full wp-image-5292\" src=\"http:\/\/dcpf.73s.fr\/wp-content\/uploads\/2015\/01\/LOGO-du-DCPF.jpg\" alt=\"LOGO du DCPF\" width=\"150\" height=\"148\" \/><\/a><\/div>\n<h1>\u00a0<span style=\"color: #000000;\">ETHIQUE de CONDUITE<\/span><\/h1>\n<div><\/div>\n<div><b><span style=\"color: #274e13; font-family: verdana,sans-serif; font-size: medium;\">Il est exig\u00e9 un esprit sportif et une conduite \u00ab\u00a0flair play\u00a0\u00bb<\/span><\/b><b><span style=\"color: #274e13; font-family: verdana,sans-serif; font-size: medium;\">\u00a0\u00e0 tous les\u00a0<\/span><\/b><b><span style=\"color: #274e13; font-family: verdana,sans-serif; font-size: medium;\">demandeurs permettant<\/span><\/b><\/div>\n<div><b><span style=\"color: #274e13; font-family: verdana,sans-serif; font-size: medium;\"> l&rsquo;obtention du DCPF. \u00a0 \u00a0\u00a0<\/span><\/b><\/div>\n<div><\/div>\n<div><b><b><span style=\"color: #274e13; font-family: Verdana; font-size: medium;\">Un demandeur\u00a0 pourra \u00eatre disqualifi\u00e9 dans le cas ou des faits\u00a0<\/span><\/b><\/b><b><b><span style=\"color: #274e13; font-family: Verdana; font-size: medium;\">r\u00e9pr\u00e9hensibles d\u00e9montreront\u00a0une violation notoire\u00a0 et constante de\u00a0<\/span><\/b><\/b><b><b><span style=\"color: #274e13; font-family: Verdana; font-size: medium;\">l&rsquo;esprit OM.<\/span><\/b><\/b><\/div>\n<div><\/div>\n<div><b><b><span style=\"color: #274e13; font-family: Verdana; font-size: medium;\"> Le DCPF ne limite pas le nombre de r\u00e9f\u00e9rences,mais sugg\u00e8re aux\u00a0<\/span><\/b><\/b><b><b><span style=\"color: #274e13; font-family: Verdana; font-size: medium;\">activeurs une auto-r\u00e9gularisation raisonnable.<\/span><\/b><\/b><\/div>\n<div><\/div>\n<div><\/div>\n<div><b><b><span style=\"color: #274e13; font-family: Verdana; font-size: medium;\">Il en est de m\u00eame dans le cas des activations multi-dipl\u00f4mes.<\/span><\/b><\/b><\/div>\n<div><\/div>\n<h1><span style=\"color: #000000;\">CORRESPONDANT NATIONAL : F4FCE (Pierre-Marie)<br \/>\n<\/span><\/h1>\n<h2><b><b><span style=\"color: #274e13; font-family: Verdana; font-size: medium;\">-Il \u00e9tablira la liste des r\u00e9f\u00e9rences \u00e0 attribuer au fur et \u00e0 mesure des <\/span><\/b><\/b><b><b><span style=\"color: #274e13; font-family: Verdana; font-size: medium;\">demandes.<\/span><\/b><\/b><\/h2>\n<div><\/div>\n<div><b><b><span style=\"color: #274e13; font-family: Verdana; font-size: medium;\">-Il v\u00e9rifiera que le \u00ab\u00a0quota\u00a0\u00bb n\u00e9cessaire \u00e0 la validation de chaque <\/span><\/b><\/b><b><b><span style=\"color: #274e13; font-family: Verdana; font-size: medium;\">r\u00e9f\u00e9rence est respect\u00e9e.<\/span><\/b><\/b><\/div>\n<div><\/div>\n<div><b><b><span style=\"color: #274e13; font-family: Verdana; font-size: medium;\">-Aucune r\u00e9f\u00e9rence fantaisiste pour un \u00e9v\u00e8nement quelconque n&rsquo;est\u00a0<\/span><\/b><\/b><b><b><span style=\"color: #274e13; font-family: Verdana; font-size: medium;\">permise.<\/span><\/b><\/b><\/div>\n<div><\/div>\n<div><b><b><span style=\"color: #274e13; font-family: Verdana; font-size: medium;\">-Lors d&rsquo;une activation,l&rsquo;utilisateur de la r\u00e9f\u00e9rence de DCPF\/&#8230;&#8230; est\u00a0<\/span><\/b><\/b><b><b><span style=\"color: #274e13; font-family: Verdana; font-size: medium;\">imp\u00e9rative.<\/span><\/b><\/b><\/div>\n<div><\/div>\n<div><b><span style=\"color: #274e13; font-family: Verdana; font-size: medium;\">-La liste des activations valid\u00e9es sera publi\u00e9e r\u00e9guli\u00e8rement sur le site.<\/span><\/b><\/div>\n<div><\/div>\n<div><\/div>\n<h1><span style=\"color: #000000;\">VALIDATION<\/span>\u00a0 <span style=\"color: #000000;\">du DCPF<\/span><\/h1>\n<div>\u00a0<span style=\"color: #ff00ff;\"><b><span style=\"font-family: verdana, sans-serif; font-size: medium;\"><span style=\"color: #003300;\">Pour l&rsquo;acceptation de l&rsquo;activit\u00e9 par le DCPF manager ,il faut :<\/span><\/span><\/b><\/span><\/div>\n<div><span style=\"color: #ff00ff;\">\u00a0<\/span><\/div>\n<div><b><span style=\"color: #274e13; font-family: Verdana; font-size: medium;\">-Qu&rsquo;elle se produise \u00e0 l&rsquo;int\u00e9rieur du site (sauf restriction ) sur un rayon\u00a0<\/span><\/b><b><span style=\"color: #274e13; font-family: Verdana; font-size: medium;\">de 1 Km ou sur la commune.<\/span><\/b><\/div>\n<div><\/div>\n<div><b><span style=\"color: #274e13; font-family: Verdana; font-size: medium;\">-Il est autoris\u00e9 \u00e0 activer 2 ou plusieurs r\u00e9f\u00e9rences en m\u00eame\u00a0<\/span><\/b><b><span style=\"color: #274e13; font-family: Verdana; font-size: medium;\">temps dans le rayon indiqu\u00e9.<\/span><\/b><\/div>\n<div><\/div>\n<div><b><b><span style=\"color: #274e13; font-family: Verdana; font-size: medium;\">-Q&rsquo;un minimum de 50 liaisons en HF ou 20 liaisons en VHF\/UHF (les\u00a0<\/span><\/b><\/b><b><b><span style=\"color: #274e13; font-family: Verdana; font-size: medium;\">QSO&rsquo;s via les relais ne sont pas accept\u00e9s) <\/span><\/b><\/b><\/div>\n<div><b><b><span style=\"color: #274e13; font-family: Verdana; font-size: medium;\">HF et VHF\/UHF ne sont pas\u00a0<\/span><\/b><\/b><b><b><span style=\"color: #274e13; font-family: Verdana; font-size: medium;\">cumulables.<\/span><\/b><\/b><\/div>\n<div><\/div>\n<div><b><span style=\"color: #274e13; font-family: Verdana; font-size: medium;\">-Tous les modes de transmissions sont accept\u00e9s.<\/span><\/b><\/div>\n<h2><strong><span style=\"color: #003300;\">-Les r\u00e9f\u00e9rences seront attribu\u00e9es \u00e0 tous les colombiers ou pigeonniers anciens,dans l&rsquo;\u00e9tat,m\u00eame en ruine.<\/span><\/strong><\/h2>\n<div><b><span style=\"color: #274e13; font-family: Verdana; font-size: medium;\">-Que l&rsquo;activation soit prouv\u00e9e par n&rsquo;importe quelle image (un ou deux photos\u00a0<\/span><\/b><b><span style=\"color: #274e13; font-family: Verdana; font-size: medium;\">maximum) prouvant l&#8217;emplacement au sein du site.<\/span><\/b><\/div>\n<div><\/div>\n<div><b><span style=\"color: #274e13; font-family: Verdana; font-size: medium;\">Un compte rendu est OBLIGATOIRE,photocopie du carnet de trafic ou\u00a0<\/span><\/b><b><span style=\"color: #274e13; font-family: Verdana; font-size: medium;\">support informatique\u00a0 sera\u00a0 adress\u00e9 au manager national pour obtenir la validation de la r\u00e9f\u00e9rence.<\/span><\/b><\/div>\n<div><\/div>\n<div><b><span style=\"color: #274e13; font-family: Verdana; font-size: medium;\">-Tout activeur apr\u00e8s validation de la r\u00e9f\u00e9rence pourra ensuite\u00a0<\/span><\/b><b><span style=\"color: #274e13; font-family: Verdana; font-size: medium;\">utiliser celle-ci pour toute demande de dipl\u00f4me.\u00a0<\/span><\/b><\/div>\n<div><\/div>\n<div><b><span style=\"color: #274e13; font-family: Verdana; font-size: medium;\">-Pour l&rsquo;utilisation d&rsquo;indicatif de radio-club ou autre ne pas oublier de\u00a0<\/span><\/b><b><span style=\"color: #274e13; font-family: Verdana; font-size: medium;\">mentionner les indicatifs de chaque op\u00e9rateur.<\/span><\/b><\/div>\n<div><\/div>\n<div><b><b><span style=\"color: #274e13; font-family: Verdana; font-size: medium;\">-Chaque activeur s&rsquo;engage \u00e0 r\u00e9pondre \u00e0 toutes QSL&rsquo;s pour confirmer\u00a0<\/span><\/b><\/b><b><b><span style=\"color: #274e13; font-family: Verdana; font-size: medium;\">la liaison ainsi qu&rsquo;aux QSL&rsquo;s de SWL&rsquo;s.<\/span><\/b><\/b><\/div>\n<div><\/div>\n<div><\/div>\n<div><b><b><span style=\"color: #274e13; font-family: Verdana; font-size: medium;\">Toute r\u00e9f\u00e9rence inutilis\u00e9e dans un d\u00e9lai de 2 mois,sera annul\u00e9e et\u00a0<\/span><\/b><\/b><b><b><span style=\"color: #274e13; font-family: Verdana; font-size: medium;\">\u00e9ventuellement r\u00e9attribu\u00e9e.<\/span><\/b><\/b><\/div>\n<div><\/div>\n<h1><span style=\"color: #000000;\">RESIDANT PERMANENT<\/span><\/h1>\n<div><\/div>\n<div>\u00a0<b><b><span style=\"color: #274e13; font-family: verdana,sans-serif; font-size: medium;\">Si un op\u00e9rateur est propri\u00e9taire sur son site d&rsquo;un colombier\/pigeonnier\u00a0<\/span><\/b><\/b><b><b><span style=\"color: #274e13; font-family: verdana,sans-serif; font-size: medium;\">ou en dehors de sa propri\u00e9t\u00e9 (voisin) sur un rayon de 1Km maximum ou sur la commune,il\u00a0<\/span><\/b><\/b><b><b><span style=\"color: #274e13; font-family: verdana,sans-serif; font-size: medium;\">peut lui \u00eatre attribu\u00e9 le statut de\u00a0r\u00e9sidant permanent \u00e0 condition de r\u00e9aliser une\u00a0<\/span><\/b><\/b><b><b><span style=\"color: #274e13; font-family: verdana,sans-serif; font-size: medium;\">activation classique (50 QSOs) apr\u00e8s validation de celle-ci,le statut lui\u00a0<\/span><\/b><\/b><b><b><span style=\"color: #274e13; font-family: verdana,sans-serif; font-size: medium;\">sera accord\u00e9 en permanence.<\/span><\/b><\/b><\/div>\n<div><\/div>\n<h1>\u00a0<span style=\"color: #000000;\">REFERENCE ATTRIBUEE<\/span><\/h1>\n<h2><span style=\"color: #003300;\">N\u00b0 de d\u00e9partement \u00a0 \u00a0 \u00a0La cat\u00e9gorie \u00a0 \u00a0 N\u00b0 de r\u00e9f\u00e9rence<\/span><\/h2>\n<h2><span style=\"color: #003300;\">Exp<\/span> : \u00a0 \u00a0 \u00a0 \u00a0\u00a0<span style=\"color: #003300;\">82 \u00a0 \u00a0 \u00a0 \u00a0 \u00a0 \u00a0 \u00a0 \u00a0 \u00a0 \u00a0 \u00a0 \u00a0 \u00a0 CA \u00a0 \u00a0 \u00a0 \u00a0 \u00a0 \u00a0 \u00a0 \u00a0 \u00a0 \u00a0 \u00a0 \u00a0 \u00a0 \u00a0001<\/span><\/h2>\n<h1><span style=\"color: #000000;\">CLASSEMENT en FONCTION de la CATEGORIE<\/span><b><span style=\"color: #000000; font-family: Verdana; font-size: large;\">\u00a0 \u00a0 \u00a0 \u00a0 \u00a0 \u00a0 \u00a0 \u00a0 \u00a0 \u00a0 \u00a0 \u00a0 \u00a0 \u00a0<\/span><\/b><\/h1>\n<h2>\u00a0<span style=\"color: #003300;\">1) COLOMBIER ATYPIQUE \u00a0&#8212;-&gt; \u00a0 \u00a0 \u00a0 \u00a0 \u00a0 \u00a0 \u00a0 \u00a0 \u00a0 \u00a0CA \u00a0\u00a0<\/span><\/h2>\n<h3><span style=\"color: #003300;\">(construction particuli\u00e8re)<\/span><\/h3>\n<h2><span style=\"color: #003300;\">2 ) \u00a0PIGEONNIER ACCOLE<\/span>\u00a0<span style=\"color: #003300;\"> \u00a0 &#8212;-&gt; \u00a0 \u00a0 \u00a0 \u00a0 \u00a0 \u00a0 \u00a0 \u00a0 \u00a0 \u00a0PA<br \/>\n<\/span><\/h2>\n<h3><span style=\"color: #003300;\"> (demeure ou au (x ) b\u00e2timent (s)<\/span><\/h3>\n<h2><span style=\"color: #003300;\">3 ) PIGEONNIER TOUR \u00a0 \u00a0 \u00a0 \u00a0 &#8212;-&gt; \u00a0 \u00a0 \u00a0 \u00a0 \u00a0 \u00a0 \u00a0 \u00a0 \u00a0 PT<br \/>\n<\/span><\/h2>\n<h3><span style=\"color: #003300;\"> (pouvant en faire le tour)<\/span><\/h3>\n<h1><strong><span style=\"color: #000000;\">OBTENTION<\/span><\/strong> <span style=\"color: #000000;\">du<\/span><strong> <span style=\"color: #000000;\">DIPLOME<\/span><\/strong><\/h1>\n<h3><strong><span style=\"color: #800000;\"><span style=\"color: #003300;\">Toutes r\u00e9-activations seront comptabilis\u00e9es par le DCPF pour le dipl\u00f4me,<\/span><\/span><\/strong><\/h3>\n<h3><strong><span style=\"color: #800000;\"><span style=\"color: #003300;\">tant<\/span>\u00a0 <span style=\"color: #003300;\">que activeurs<\/span>\u00a0 <span style=\"color: #003300;\">\u00ab\u00a0chasseurs\u00a0\u00bb et SWLs.<\/span><br \/>\n<\/span><\/strong><\/h3>\n<h2>\u00a0<span style=\"color: #800000;\">BANDES \u00a0 HF<\/span><\/h2>\n<h2>\u00a0<strong><span style=\"color: #003300;\">MIXTE \u00a0 \u00a0 \u00a0 \u00a0 \u00a0 \u00a0\u00a0\u00a0\u00a0\u00a0\u00a0\u00a0\u00a0\u00a0\u00a0\u00a0\u00a0\u00a0\u00a0\u00a0\u00a0\u00a0\u00a0\u00a0\u00a0\u00a0\u00a0\u00a0\u00a0\u00a0\u00a0\u00a0\u00a0\u00a0\u00a0\u00a0\u00a0\u00a0\u00a0\u00a0\u00a0\u00a0\u00a0\u00a0\u00a0\u00a0\u00a0\u00a0\u00a0\u00a0\u00a0\u00a0\u00a0\u00a0\u00a0\u00a0\u00a0\u00a0\u00a0\u00a0\u00a0\u00a0\u00a0\u00a0\u00a0\u00a0\u00a0\u00a0\u00a0\u00a0\u00a0 Par CATEGORIE<\/span><\/strong><\/h2>\n<h2><span style=\"font-family: Verdana;\"><span style=\"color: #274e13; font-size: large;\"><span style=\"color: #003300;\"><span style=\"color: #003300;\">BRONZE\u00a0\u00a0\u00a0\u00a0\u00a0 : 30 r\u00e9f\u00e9rences<\/span><\/span><\/span><\/span><b><span style=\"font-family: Verdana;\"><span style=\"color: #274e13; font-size: large;\"><span style=\"color: #003300;\">\u00a0 \u00a0 \u00a0 \u00a0 \u00a0 \u00a0 \u00a0\u00a0 BRONZE \u00a0\u00a0 : 10 r\u00e9f\u00e9rences<\/span><\/span><\/span><\/b><\/h2>\n<h2><span style=\"font-family: Verdana;\"><span style=\"color: #274e13; font-size: large;\"><span style=\"color: #003300;\"><span style=\"color: #003300;\">ARGENT \u00a0 \u00a0\u00a0 : 100 r\u00e9f\u00e9rences \u00a0 \u00a0 \u00a0 \u00a0 \u00a0 \u00a0 ARGENT \u00a0\u00a0 : 30 r\u00e9f\u00e9rences<\/span><\/span><\/span><\/span><\/h2>\n<h2><b><span style=\"font-family: Verdana;\"><span style=\"color: #274e13; font-size: large;\"><span style=\"color: #003300;\">0R\u00a0\u00a0\u00a0\u00a0\u00a0\u00a0\u00a0\u00a0\u00a0\u00a0\u00a0\u00a0\u00a0\u00a0\u00a0 : 300 r\u00e9f\u00e9rences\u00a0\u00a0\u00a0\u00a0\u00a0\u00a0\u00a0\u00a0\u00a0\u00a0\u00a0\u00a0 OR\u00a0\u00a0\u00a0\u00a0\u00a0\u00a0\u00a0\u00a0\u00a0\u00a0\u00a0\u00a0 : 100 r\u00e9f\u00e9rences<br \/>\n<\/span><\/span><\/span><\/b><\/h2>\n<h2><strong><span style=\"color: #003300;\">HONNEUR\u00a0\u00a0\u00a0\u00a0 : 500 r\u00e9f\u00e9rences\u00a0\u00a0\u00a0\u00a0\u00a0\u00a0\u00a0\u00a0\u00a0\u00a0\u00a0\u00a0\u00a0\u00a0\u00a0\u00a0\u00a0\u00a0\u00a0\u00a0\u00a0 HONNEUR\u00a0\u00a0 : 300 r\u00e9f\u00e9rences<\/span><\/strong><\/h2>\n<h2><strong><span style=\"color: #003300;\">1- EXTENSION :300 r\u00e9f\u00e9rences\u00a0\u00a0\u00a0\u00a0\u00a0\u00a0\u00a0\u00a0\u00a0\u00a0\u00a0\u00a0\u00a0\u00a0\u00a0\u00a0\u00a0\u00a0\u00a0\u00a0 EXTENSION\u00a0 : 200 r\u00e9f\u00e9rences<\/span><\/strong><\/h2>\n<h2><span style=\"color: #800000;\"><strong>soit au total\u00a0\u00a0\u00a0\u00a0 800 r\u00e9f\u00e9rences\u00a0 (obtenues)\u00a0\u00a0soit au total 500 r\u00e9f\u00e9rences<\/strong><\/span><\/h2>\n<h2><strong><span style=\"color: #003300;\">2-EXTENSION : 300 r\u00e9f\u00e9rences\u00a0\u00a0\u00a0\u00a0\u00a0\u00a0\u00a0\u00a0\u00a0\u00a0\u00a0\u00a0\u00a0\u00a0\u00a0\u00a0\u00a0\u00a0\u00a0\u00a0 EXTENSION\u00a0 : 200 r\u00e9f\u00e9rences<\/span><\/strong><\/h2>\n<h2><strong><span style=\"color: #800000;\">Soit au total\u00a0\u00a0\u00a01100 r\u00e9f\u00e9rences\u00a0(obtenues)\u00a0soit au total\u00a0\u00a0\u00a0700 r\u00e9f\u00e9rences \u00a0\u00a0\u00a0 <\/span><\/strong><\/h2>\n<h2><strong><span style=\"color: #003300;\">3-\u00a0 &#8230;&#8230;..Ect&#8230;..<\/span><\/strong><\/h2>\n<h2><span style=\"color: #800000;\">BANDES VHF<\/span><\/h2>\n<h2><span style=\"color: #003300;\">MIXTE \u00a0 \u00a0 \u00a0 \u00a0 \u00a0 \u00a0 \u00a0 \u00a0 \u00a0 \u00a0 \u00a0 \u00a0 \u00a0 \u00a0\u00a0 \u00a0 \u00a0 \u00a0 \u00a0 \u00a0 \u00a0 \u00a0 \u00a0 \u00a0 \u00a0 \u00a0 \u00a0 \u00a0 \u00a0 \u00a0 \u00a0 \u00a0 \u00a0 \u00a0 \u00a0 \u00a0\u00a0 PAR CATEGORIE<\/span><\/h2>\n<h2><span style=\"color: #333300;\"><span style=\"color: #003300;\">BRONZE : 10 r\u00e9f\u00e9rences \u00a0 \u00a0 \u00a0 \u00a0 \u00a0 \u00a0 \u00a0 \u00a0 \u00a0 \u00a0 \u00a0 \u00a0 \u00a0 \u00a0 \u00a0 \u00a0 BRONZE : 5 r\u00e9f\u00e9rences<\/span><\/span><\/h2>\n<h2><span style=\"color: #003300;\">ARGENT : \u00a020 r\u00e9f\u00e9rences \u00a0 \u00a0 \u00a0 \u00a0 \u00a0 \u00a0 \u00a0 \u00a0 \u00a0 \u00a0 \u00a0 \u00a0 \u00a0 \u00a0\u00a0\u00a0\u00a0\u00a0 ARGENT : 10 r\u00e9f\u00e9rences<\/span><\/h2>\n<h2><span style=\"color: #003300;\">O R \u00a0 \u00a0 \u00a0 \u00a0 \u00a0: 30 r\u00e9f\u00e9rences \u00a0 \u00a0 \u00a0 \u00a0 \u00a0 \u00a0 \u00a0 \u00a0 \u00a0 \u00a0 \u00a0 \u00a0 \u00a0 \u00a0 \u00a0\u00a0 \u00a0 O R \u00a0 \u00a0 \u00a0 \u00a0 \u00a0\u00a0 : 20 r\u00e9f\u00e9rences<\/span><\/h2>\n<h2><span style=\"color: #003300;\">HONNEUR : 40 r\u00e9f\u00e9rences \u00a0 \u00a0 \u00a0 \u00a0 \u00a0 \u00a0 \u00a0 \u00a0 \u00a0 \u00a0 \u00a0 \u00a0 \u00a0 \u00a0 HONNEUR : 30 r\u00e9f\u00e9rences<\/span><\/h2>\n<h2><strong><span style=\"color: #003300;\">Ce dipl\u00f4me sera gratuit en format PDF ou format papier contre<\/span><\/strong><\/h2>\n<h2><span style=\"color: #003300;\">3 timbres poste pour frais d&rsquo;exp\u00e9dition.<br \/>\n<\/span><\/h2>\n<div><\/div>\n<div><\/div>\n<div><\/div>\n<div><span style=\"color: #000000; font-family: verdana,sans-serif; font-size: medium;\"><b>Le LOGO du DCPF<\/b><\/span><\/div>\n<div><\/div>\n<div><\/div>\n<div>\n<div><\/div>\n<div><\/div>\n<div><a href=\"http:\/\/dcpf.73s.fr\/wp-content\/uploads\/2015\/01\/LOGO-du-DCPF.jpg\"><img decoding=\"async\" loading=\"lazy\" class=\"alignnone size-thumbnail wp-image-5292\" src=\"http:\/\/dcpf.73s.fr\/wp-content\/uploads\/2015\/01\/LOGO-du-DCPF-150x148.jpg\" alt=\"LOGO du DCPF\" width=\"150\" height=\"148\" \/> <\/a>\u00a0 \u00a0 \u00a0 \u00a0 \u00a0 \u00a0 \u00a0 \u00a0 \u00a0\u00a0<a href=\"http:\/\/dcpf.73s.fr\/wp-content\/uploads\/2015\/01\/LOGO-du-DCPF.jpg\"><img decoding=\"async\" loading=\"lazy\" class=\"alignnone size-thumbnail wp-image-5292\" src=\"http:\/\/dcpf.73s.fr\/wp-content\/uploads\/2015\/01\/LOGO-du-DCPF-150x148.jpg\" alt=\"LOGO du DCPF\" width=\"150\" height=\"148\" \/><\/a>\u00a0 \u00a0 \u00a0 \u00a0 \u00a0 \u00a0 \u00a0 \u00a0 \u00a0\u00a0<a href=\"http:\/\/dcpf.73s.fr\/wp-content\/uploads\/2015\/01\/LOGO-du-DCPF.jpg\"><img decoding=\"async\" loading=\"lazy\" class=\"alignnone size-thumbnail wp-image-5292\" src=\"http:\/\/dcpf.73s.fr\/wp-content\/uploads\/2015\/01\/LOGO-du-DCPF-150x148.jpg\" alt=\"LOGO du DCPF\" width=\"150\" height=\"148\" \/><\/a><\/div>\n<\/div>\n<div><\/div>\n<div><\/div>\n<div><\/div>\n<div><\/div>\n<div>\n<div><\/div>\n<div><\/div>\n<div><span style=\"color: #000000; font-family: Verdana; font-size: large;\"><span style=\"color: #000000; font-family: Verdana; font-size: large;\"><b>\u00a0CONCLUSION<\/b><\/span><\/span><\/div>\n<div><\/div>\n<div><b><b><span style=\"color: #274e13; font-family: verdana,sans-serif; font-size: medium;\">Ce projet me tenait tr\u00e8s \u00e0 coeur et trottait depuis longtemps dans ma\u00a0<\/span><\/b><\/b><b><b><span style=\"color: #274e13; font-family: verdana,sans-serif; font-size: medium;\">t\u00eate,\u00e9tant une \u00ab\u00a0amoureuse\u00a0\u00bb de ces ouvrages.<\/span><\/b><\/b><\/div>\n<div><\/div>\n<div><b><b><span style=\"color: #274e13; font-family: Verdana; font-size: medium;\">Je dois sinc\u00e8rement remercier pour leur collaboration \u00e0 la r\u00e9alisation\u00a0<\/span><\/b><\/b><b><b><span style=\"color: #274e13; font-family: Verdana; font-size: medium;\">de ce site :<\/span><\/b><\/b><\/div>\n<div><\/div>\n<div><b><b><span style=\"color: #274e13; font-family: Verdana; font-size: medium;\">-F2MY : Yves (\u00e0 qui j&rsquo;ai satur\u00e9 la t\u00eate pendant des jours &#8230;)<\/span><\/b><\/b><\/div>\n<div><\/div>\n<div><b><span style=\"color: #274e13; font-family: Verdana; font-size: medium;\">-F4FCE : Pierre-Marie \/ F5MDF : Boris \/ F-10095 : Pierre pour leurs\u00a0<\/span><\/b><b><span style=\"color: #274e13; font-family: Verdana; font-size: medium;\">pr\u00e9cieux conseils d&rsquo;ouverture du site et ma petite soeur Gis\u00e8le pour ses\u00a0<\/span><\/b><b><span style=\"color: #274e13; font-family: Verdana; font-size: medium;\">mod\u00e8les de peinture.<\/span><\/b><\/div>\n<div><\/div>\n<div><b><b><b><span style=\"color: #274e13; font-family: Verdana; font-size: medium;\">A VOUS CINQ TOUTE MA RECO<\/span><\/b><\/b><\/b><b><b><span style=\"color: #274e13; font-family: Verdana; font-size: medium;\">NNAISSANCE,CAR SANS\u00a0VOUS\u00a0MON\u00a0<\/span><\/b><\/b><b><b><span style=\"color: #274e13; font-family: Verdana; font-size: medium;\">PROJET N&rsquo;AURAIT PAS VU LE JOUR<\/span><\/b><\/b><\/div>\n<div><\/div>\n<div><b><b><span style=\"color: #274e13; font-family: Verdana; font-size: medium;\">BONNE \u00ab\u00a0CHASSE\u00a0\u00bb et BONNE CHANCE<\/span><\/b><\/b><\/div>\n<div><\/div>\n<div><\/div>\n<div><b><span style=\"color: #274e13; font-family: Verdana; font-size: medium;\">PS: Le r\u00e8glement peut-\u00eatre modifi\u00e9 sans pr\u00e9avis et \u00e0 tout moment par le manager du DCPF.<br \/>\n<\/span><\/b><\/div>\n<div><\/div>\n<div><\/div>\n<h2><span style=\"color: #003300;\">Fondatrice du DCPF \u00a0 \u00a0 \u00a0 Lydie F5MSS \u00a0 <a href=\"http:\/\/dcpf.73s.fr\/wp-content\/uploads\/2015\/01\/sans-titre.png\"><img decoding=\"async\" loading=\"lazy\" class=\" size-thumbnail wp-image-529 alignnone\" src=\"http:\/\/dcpf.73s.fr\/wp-content\/uploads\/2015\/01\/sans-titre-150x150.png\" alt=\"sans-titre\" width=\"150\" height=\"150\" \/><\/a><\/span><\/h2>\n<div>\n<h1><b>Manager national du DCPF \u00a0 \u00a0 \u00a0 \u00a0 \u00a0 \u00a0 \u00a0 F4FCE (Pierre-Marie)<\/b><\/h1>\n<\/div>\n<div><b><span style=\"color: #274e13; font-family: Verdana; font-size: medium;\">\u00a0<\/span><\/b><\/div>\n<\/div>\n","protected":false},"excerpt":{"rendered":"<p>\u00a0\u00a0 \u00a0 \u00a0\u00a0 \u00a0 \u00a0\u00a0 \u00a0 \u00a0 \u00a0ETHIQUE de CONDUITE Il est exig\u00e9 un esprit sportif et une conduite \u00ab\u00a0flair play\u00a0\u00bb\u00a0\u00e0 tous les\u00a0demandeurs permettant l&rsquo;obtention du DCPF. \u00a0 \u00a0\u00a0 Un demandeur\u00a0 pourra \u00eatre disqualifi\u00e9 dans le cas ou des faits\u00a0r\u00e9pr\u00e9hensibles d\u00e9montreront\u00a0une violation notoire\u00a0 et constante de\u00a0l&rsquo;esprit OM. Le DCPF ne limite pas le nombre de [&hellip;]<\/p>\n","protected":false},"author":1,"featured_media":0,"parent":0,"menu_order":0,"comment_status":"closed","ping_status":"open","template":"","meta":[],"_links":{"self":[{"href":"https:\/\/dcpf.73s.fr\/index.php?rest_route=\/wp\/v2\/pages\/5"}],"collection":[{"href":"https:\/\/dcpf.73s.fr\/index.php?rest_route=\/wp\/v2\/pages"}],"about":[{"href":"https:\/\/dcpf.73s.fr\/index.php?rest_route=\/wp\/v2\/types\/page"}],"author":[{"embeddable":true,"href":"https:\/\/dcpf.73s.fr\/index.php?rest_route=\/wp\/v2\/users\/1"}],"replies":[{"embeddable":true,"href":"https:\/\/dcpf.73s.fr\/index.php?rest_route=%2Fwp%2Fv2%2Fcomments&post=5"}],"version-history":[{"count":102,"href":"https:\/\/dcpf.73s.fr\/index.php?rest_route=\/wp\/v2\/pages\/5\/revisions"}],"predecessor-version":[{"id":10897,"href":"https:\/\/dcpf.73s.fr\/index.php?rest_route=\/wp\/v2\/pages\/5\/revisions\/10897"}],"wp:attachment":[{"href":"https:\/\/dcpf.73s.fr\/index.php?rest_route=%2Fwp%2Fv2%2Fmedia&parent=5"}],"curies":[{"name":"wp","href":"https:\/\/api.w.org\/{rel}","templated":true}]}}