{"id":418,"date":"2015-01-24T22:24:13","date_gmt":"2015-01-24T21:24:13","guid":{"rendered":"http:\/\/dcpf.73s.fr\/?page_id=418"},"modified":"2020-04-21T08:58:54","modified_gmt":"2020-04-21T07:58:54","slug":"dept-72","status":"publish","type":"page","link":"https:\/\/dcpf.73s.fr\/?page_id=418","title":{"rendered":"Dept 72"},"content":{"rendered":"\n<table id=\"tablepress-108\" class=\"tablepress tablepress-id-108\">\n<thead>\n<tr class=\"row-1 odd\">\n\t<th class=\"column-1\">REFERENCE<\/th><th class=\"column-2\">React<\/th><th class=\"column-3\">DATE<\/th><th class=\"column-4\">INDICATIF<\/th><th class=\"column-5\">COMMUNE<\/th><th class=\"column-6\">Valid\u00e9e<\/th><th class=\"column-7\"><\/th>\n<\/tr>\n<\/thead>\n<tbody class=\"row-hover\">\n<tr class=\"row-2 even\">\n\t<td class=\"column-1\">72 PT 001<\/td><td class=\"column-2\"><\/td><td class=\"column-3\">15\/10\/2017<\/td><td class=\"column-4\">F5MCC\/p<\/td><td class=\"column-5\">Ecommoy<\/td><td class=\"column-6\">Valid\u00e9e<\/td><td class=\"column-7\"><\/td>\n<\/tr>\n<tr class=\"row-3 odd\">\n\t<td class=\"column-1\">72 PT 002<\/td><td class=\"column-2\"><\/td><td class=\"column-3\"><\/td><td class=\"column-4\">F5MCC\/P<\/td><td class=\"column-5\">Pigeonnier du ch\u00e2teau du Gros Chesnay \u00e0 cp 72210 Fill\u00e9<\/td><td class=\"column-6\"><\/td><td class=\"column-7\"><\/td>\n<\/tr>\n<tr class=\"row-4 even\">\n\t<td class=\"column-1\">72 PA 003<\/td><td class=\"column-2\"><\/td><td class=\"column-3\"><\/td><td class=\"column-4\">F5MCC\/P<\/td><td class=\"column-5\">Pigeonnier de la Fuie \u00e0 Ro\u00e9z\u00e9 sur Sarthe<\/td><td class=\"column-6\"><\/td><td class=\"column-7\"><\/td>\n<\/tr>\n<\/tbody>\n<\/table>\n<!-- #tablepress-108 from cache -->\n","protected":false},"excerpt":{"rendered":"","protected":false},"author":1,"featured_media":0,"parent":0,"menu_order":72,"comment_status":"closed","ping_status":"open","template":"","meta":[],"_links":{"self":[{"href":"https:\/\/dcpf.73s.fr\/index.php?rest_route=\/wp\/v2\/pages\/418"}],"collection":[{"href":"https:\/\/dcpf.73s.fr\/index.php?rest_route=\/wp\/v2\/pages"}],"about":[{"href":"https:\/\/dcpf.73s.fr\/index.php?rest_route=\/wp\/v2\/types\/page"}],"author":[{"embeddable":true,"href":"https:\/\/dcpf.73s.fr\/index.php?rest_route=\/wp\/v2\/users\/1"}],"replies":[{"embeddable":true,"href":"https:\/\/dcpf.73s.fr\/index.php?rest_route=%2Fwp%2Fv2%2Fcomments&post=418"}],"version-history":[{"count":2,"href":"https:\/\/dcpf.73s.fr\/index.php?rest_route=\/wp\/v2\/pages\/418\/revisions"}],"predecessor-version":[{"id":10772,"href":"https:\/\/dcpf.73s.fr\/index.php?rest_route=\/wp\/v2\/pages\/418\/revisions\/10772"}],"wp:attachment":[{"href":"https:\/\/dcpf.73s.fr\/index.php?rest_route=%2Fwp%2Fv2%2Fmedia&parent=418"}],"curies":[{"name":"wp","href":"https:\/\/api.w.org\/{rel}","templated":true}]}}