{"id":1416,"date":"2015-01-31T18:40:28","date_gmt":"2015-01-31T17:40:28","guid":{"rendered":"http:\/\/dcpf.73s.fr\/?page_id=1416"},"modified":"2015-01-31T18:46:00","modified_gmt":"2015-01-31T17:46:00","slug":"liste-des-residents","status":"publish","type":"page","link":"https:\/\/dcpf.73s.fr\/?page_id=1416","title":{"rendered":"Liste des r\u00e9sidants"},"content":{"rendered":"\n<table id=\"tablepress-103\" class=\"tablepress tablepress-id-103\">\n<thead>\n<tr class=\"row-1 odd\">\n\t<th class=\"column-1\">DEPARTEMENT<\/th><th class=\"column-2\">INDICATF<\/th><th class=\"column-3\">REFERENCE<\/th><th class=\"column-4\">COMMUNE<\/th>\n<\/tr>\n<\/thead>\n<tbody class=\"row-hover\">\n<tr class=\"row-2 even\">\n\t<td class=\"column-1\">2014<\/td><td class=\"column-2\">2014<\/td><td class=\"column-3\">2014<\/td><td class=\"column-4\">2014<\/td>\n<\/tr>\n<tr class=\"row-3 odd\">\n\t<td class=\"column-1\">Premi\u00e8re r\u00e9f\u00e9rence<br \/>\ndu DCPF dans le 81<\/td><td class=\"column-2\">F6DRA Serge<br \/>\n <\/td><td class=\"column-3\">81 PT001<br \/>\nAnc.r\u00e9f. PTQ001<\/td><td class=\"column-4\">Al Vign\u00e9 Bas<br \/>\n\u00e0 PUYGOUZON<\/td>\n<\/tr>\n<tr class=\"row-4 even\">\n\t<td class=\"column-1\">--81--<\/td><td class=\"column-2\">F6DRA Serge<br \/>\n <\/td><td class=\"column-3\">81 PA 007<br \/>\nAnc.r\u00e9f.PDQ 007<\/td><td class=\"column-4\">Puech-Gozon<br \/>\n\u00e0 PUYGOUZON<\/td>\n<\/tr>\n<tr class=\"row-5 odd\">\n\t<td class=\"column-1\">--81--<\/td><td class=\"column-2\">F6DRA Serge<br \/>\n <\/td><td class=\"column-3\">81 PA 006<br \/>\nAnc.r\u00e9f.PDQ 006<\/td><td class=\"column-4\">Del Viel Castel<br \/>\n\u00e0 PUYGOUZON<\/td>\n<\/tr>\n<tr class=\"row-6 even\">\n\t<td class=\"column-1\">--81--<\/td><td class=\"column-2\">F6DRA Serge<br \/>\n <\/td><td class=\"column-3\">81 PA 002<br \/>\nAnc.r\u00e9f.PDQ 002<\/td><td class=\"column-4\">La Cari\u00e9<br \/>\n\u00e0 PUYGOUZON<\/td>\n<\/tr>\n<tr class=\"row-7 odd\">\n\t<td class=\"column-1\">--81-- <\/td><td class=\"column-2\">F6DRA Serge<br \/>\n <\/td><td class=\"column-3\">81 PT 004<br \/>\nAnc.r\u00e9f.PTQ 004<\/td><td class=\"column-4\">Saint-G\u00e9ni\u00e9s<br \/>\n\u00e0 PUYGOUZON<\/td>\n<\/tr>\n<tr class=\"row-8 even\">\n\t<td class=\"column-1\">--81--<\/td><td class=\"column-2\">F6DRA Serge<br \/>\n <\/td><td class=\"column-3\">81 PT 003<br \/>\nAnc.r\u00e9f.PTQ003<\/td><td class=\"column-4\">Creyssens<br \/>\n\u00e0 PUYGOUZON<br \/>\n<\/td>\n<\/tr>\n<tr class=\"row-9 odd\">\n\t<td class=\"column-1\">--81--<\/td><td class=\"column-2\">F6DRA Serge<br \/>\n <\/td><td class=\"column-3\">81 PA 001<br \/>\nAnc.r\u00e9f.PDQ 001<\/td><td class=\"column-4\">Hameau dePuygouzon<br \/>\n\u00e0 PUYGOUZON<\/td>\n<\/tr>\n<tr class=\"row-10 even\">\n\t<td class=\"column-1\">--82--<br \/>\nPremi\u00e8re nationale VHF<\/td><td class=\"column-2\">F0ETY Richard<br \/>\n <br \/>\n <br \/>\n<\/td><td class=\"column-3\">82 PA 009<br \/>\nAnc.r\u00e9f.PDQ 009<\/td><td class=\"column-4\">Chemin de Garrigues<br \/>\n\u00e0 MIRABEL<\/td>\n<\/tr>\n<tr class=\"row-11 odd\">\n\t<td class=\"column-1\">--82--<\/td><td class=\"column-2\">F5MSS Lydie<br \/>\n <\/td><td class=\"column-3\">82 PT 002<br \/>\nAnc.r\u00e9f.PTQ 002<\/td><td class=\"column-4\">La Roubertoune<br \/>\n\u00e0 BRESSOLS<\/td>\n<\/tr>\n<tr class=\"row-12 even\">\n\t<td class=\"column-1\">--82--<\/td><td class=\"column-2\">F5MSS Lydie<br \/>\nF2MY Yves<br \/>\n <\/td><td class=\"column-3\">82 PT 001<br \/>\nAnc.r\u00e9f.PTP 001<\/td><td class=\"column-4\">Le R\u00e9b\u00e9quet<br \/>\n\u00e0 BRESSOLS<\/td>\n<\/tr>\n<tr class=\"row-13 odd\">\n\t<td class=\"column-1\">--87--<br \/>\nUNIQUE en europe<\/td><td class=\"column-2\">F6EQE Michel<br \/>\n <\/td><td class=\"column-3\">87 CA 002<br \/>\nAnc.r\u00e9f.CA 002<\/td><td class=\"column-4\">Le Pont Colombier<br \/>\n\u00e0 VEYRAC<\/td>\n<\/tr>\n<tr class=\"row-14 even\">\n\t<td class=\"column-1\">--87--<\/td><td class=\"column-2\">F5ROB Claude<br \/>\n87 CA 001<br \/>\nAnc.r\u00e9f. CA 001<\/td><td class=\"column-3\">87 CA 001<br \/>\nAnc.r\u00e9f.CA 001<\/td><td class=\"column-4\">Les Taubayes<br \/>\n\u00e0 FEYTIAT<\/td>\n<\/tr>\n<tr class=\"row-15 odd\">\n\t<td class=\"column-1\">   2015 <\/td><td class=\"column-2\">   2015 <\/td><td class=\"column-3\">2015<\/td><td class=\"column-4\">   2015<\/td>\n<\/tr>\n<tr class=\"row-16 even\">\n\t<td class=\"column-1\">--02--<\/td><td class=\"column-2\">F4BYB Eric<br \/>\n<br \/>\n<br \/>\n<\/td><td class=\"column-3\">02 CA 002<br \/>\n02 CA 003<\/td><td class=\"column-4\">FARGNIERS<br \/>\n<br \/>\n <\/td>\n<\/tr>\n<tr class=\"row-17 odd\">\n\t<td class=\"column-1\">--02--<\/td><td class=\"column-2\">F4BYB Eric<br \/>\n<br \/>\n<\/td><td class=\"column-3\">02 CA 004<br \/>\n02 CA 005<\/td><td class=\"column-4\">FARGNIERS<\/td>\n<\/tr>\n<tr class=\"row-18 even\">\n\t<td class=\"column-1\">--02--<\/td><td class=\"column-2\">F5DMY G\u00e9rard<br \/>\n<br \/>\n<\/td><td class=\"column-3\">02 CA 001<\/td><td class=\"column-4\">Villeneuve<br \/>\nSt Germain<\/td>\n<\/tr>\n<tr class=\"row-19 odd\">\n\t<td class=\"column-1\">--31--<\/td><td class=\"column-2\">F4FYU Christophe<\/td><td class=\"column-3\">31 PA 001<\/td><td class=\"column-4\">COLOMIERS<br \/>\nAnnul\u00e9 QSY 06<\/td>\n<\/tr>\n<tr class=\"row-20 even\">\n\t<td class=\"column-1\">--31--<\/td><td class=\"column-2\">F4FYU Christophe<\/td><td class=\"column-3\">31 PT 001<\/td><td class=\"column-4\">COLOMIERS<br \/>\nAnnul\u00e9 QSY 06<\/td>\n<\/tr>\n<tr class=\"row-21 odd\">\n\t<td class=\"column-1\">--31--<\/td><td class=\"column-2\">F4FYU Christophe<\/td><td class=\"column-3\">31 PT 002<\/td><td class=\"column-4\">COLOMIERS<br \/>\n Annul\u00e9 QSY 06<\/td>\n<\/tr>\n<tr class=\"row-22 even\">\n\t<td class=\"column-1\">-- 62--<\/td><td class=\"column-2\">F5RHD Robert<\/td><td class=\"column-3\">62 PA 062<\/td><td class=\"column-4\">GRENAY<\/td>\n<\/tr>\n<tr class=\"row-23 odd\">\n\t<td class=\"column-1\">--62--<\/td><td class=\"column-2\">F4GYG Samuel<\/td><td class=\"column-3\">62 PA 002<\/td><td class=\"column-4\"> GAUCHIN le GAL<br \/>\n<\/td>\n<\/tr>\n<tr class=\"row-24 even\">\n\t<td class=\"column-1\">--62--<\/td><td class=\"column-2\">F4GYG Samuel<\/td><td class=\"column-3\">62 PA 003<\/td><td class=\"column-4\"> GAUCHIN le GAL<\/td>\n<\/tr>\n<tr class=\"row-25 odd\">\n\t<td class=\"column-1\">--62--<\/td><td class=\"column-2\">F4GYG Samuel<\/td><td class=\"column-3\">62 PA 006<\/td><td class=\"column-4\"> OLHAIN<\/td>\n<\/tr>\n<tr class=\"row-26 even\">\n\t<td class=\"column-1\">--62--<\/td><td class=\"column-2\">F4GYG Samuel<\/td><td class=\"column-3\">62 PA 007<\/td><td class=\"column-4\"> OLHAIN<\/td>\n<\/tr>\n<tr class=\"row-27 odd\">\n\t<td class=\"column-1\">--62--<\/td><td class=\"column-2\">F4GYG Samuel<br \/>\n<br \/>\n<\/td><td class=\"column-3\">62 PA 008<br \/>\n62 PA 015<\/td><td class=\"column-4\"> OLHAIN<\/td>\n<\/tr>\n<tr class=\"row-28 even\">\n\t<td class=\"column-1\">--62--<\/td><td class=\"column-2\">F5TGW Mario<\/td><td class=\"column-3\">62 PA 025<\/td><td class=\"column-4\">Noeux Les Mines<\/td>\n<\/tr>\n<tr class=\"row-29 odd\">\n\t<td class=\"column-1\">--62--<\/td><td class=\"column-2\">F5TGW Mario<\/td><td class=\"column-3\">62 PA 026<\/td><td class=\"column-4\"> Noeux Les Mines<\/td>\n<\/tr>\n<tr class=\"row-30 even\">\n\t<td class=\"column-1\">--62--<\/td><td class=\"column-2\">F5TGW Mario<\/td><td class=\"column-3\">62 CA 010<\/td><td class=\"column-4\"> Noeux Les Mines<\/td>\n<\/tr>\n<tr class=\"row-31 odd\">\n\t<td class=\"column-1\">--62--<\/td><td class=\"column-2\">F2YT Paul<br \/>\n<\/td><td class=\"column-3\">62 PA 007<\/td><td class=\"column-4\"> ESTREE-COUCHY<\/td>\n<\/tr>\n<tr class=\"row-32 even\">\n\t<td class=\"column-1\">--62--<\/td><td class=\"column-2\">F2YT Paul<br \/>\n<\/td><td class=\"column-3\">6\u00e9 PA 019<\/td><td class=\"column-4\"> ESTREE-COUCHY<\/td>\n<\/tr>\n<tr class=\"row-33 odd\">\n\t<td class=\"column-1\">--62--<\/td><td class=\"column-2\">F5PSI Gaby<\/td><td class=\"column-3\">62 PA 031<\/td><td class=\"column-4\"> Huronville<\/td>\n<\/tr>\n<tr class=\"row-34 even\">\n\t<td class=\"column-1\">--62--<\/td><td class=\"column-2\">F5PSI Gaby<\/td><td class=\"column-3\">62 PA 032<\/td><td class=\"column-4\"> Huronville<\/td>\n<\/tr>\n<tr class=\"row-35 odd\">\n\t<td class=\"column-1\">--62--<\/td><td class=\"column-2\">F8KHW radio-club<\/td><td class=\"column-3\">62 PA 079<\/td><td class=\"column-4\"> HARNES<\/td>\n<\/tr>\n<tr class=\"row-36 even\">\n\t<td class=\"column-1\">--82-<\/td><td class=\"column-2\">F5MSS Lydie<br \/>\nF2MY Yves<\/td><td class=\"column-3\">62 PT 017<br \/>\nVestige<\/td><td class=\"column-4\"> BRESSOLS<br \/>\n BRESSOLS<\/td>\n<\/tr>\n<tr class=\"row-37 odd\">\n\t<td class=\"column-1\">2016 <\/td><td class=\"column-2\">2016<\/td><td class=\"column-3\"><\/td><td class=\"column-4\">2016 <\/td>\n<\/tr>\n<tr class=\"row-38 even\">\n\t<td class=\"column-1\">--06--<\/td><td class=\"column-2\">F4FYU Christophe<\/td><td class=\"column-3\">06 PT 001<\/td><td class=\"column-4\"> GOLFE-JUAN<\/td>\n<\/tr>\n<tr class=\"row-39 odd\">\n\t<td class=\"column-1\">--06--<\/td><td class=\"column-2\">F4FYU Christophe<\/td><td class=\"column-3\">06 PA 001<\/td><td class=\"column-4\">GOLFE-JUAN<\/td>\n<\/tr>\n<tr class=\"row-40 even\">\n\t<td class=\"column-1\"> --34--<\/td><td class=\"column-2\"> F5VNA Tony<\/td><td class=\"column-3\">06 PA 034<\/td><td class=\"column-4\"> Puissalicon<\/td>\n<\/tr>\n<tr class=\"row-41 odd\">\n\t<td class=\"column-1\">2017 <\/td><td class=\"column-2\">2017 <\/td><td class=\"column-3\">2017<\/td><td class=\"column-4\">2017  <\/td>\n<\/tr>\n<tr class=\"row-42 even\">\n\t<td class=\"column-1\">--06--<\/td><td class=\"column-2\">F4FYU Christophe<\/td><td class=\"column-3\">06 CA 001<\/td><td class=\"column-4\">GOLFE-JUAN<\/td>\n<\/tr>\n<tr class=\"row-43 odd\">\n\t<td class=\"column-1\">--81--<\/td><td class=\"column-2\">F6DRA Serge<\/td><td class=\"column-3\">81 CA 001<br \/>\n81 CA 002<br \/>\n81 PT 009<\/td><td class=\"column-4\">PUYGOUZON<\/td>\n<\/tr>\n<tr class=\"row-44 even\">\n\t<td class=\"column-1\">--81--<\/td><td class=\"column-2\">F6DRA Serge<\/td><td class=\"column-3\">81 CA 003<br \/>\n81 CA 004<\/td><td class=\"column-4\">PUYGOUZON<\/td>\n<\/tr>\n<tr class=\"row-45 odd\">\n\t<td class=\"column-1\">--81--<\/td><td class=\"column-2\">F6DRA Serge<\/td><td class=\"column-3\">81 CA 005<br \/>\n81 CA 006<\/td><td class=\"column-4\">PUYGOUZON<\/td>\n<\/tr>\n<tr class=\"row-46 even\">\n\t<td class=\"column-1\">2018<\/td><td class=\"column-2\">2018<\/td><td class=\"column-3\">2018<\/td><td class=\"column-4\">2018<\/td>\n<\/tr>\n<tr class=\"row-47 odd\">\n\t<td class=\"column-1\">--06--<\/td><td class=\"column-2\">F4FYU Chris<\/td><td class=\"column-3\">06 PA 004<\/td><td class=\"column-4\"> GOLFE-JUAN<\/td>\n<\/tr>\n<tr class=\"row-48 even\">\n\t<td class=\"column-1\">--06--<\/td><td class=\"column-2\">F4FYU Chris<\/td><td class=\"column-3\">06 PA 007<\/td><td class=\"column-4\">GOLFE-JUAN<\/td>\n<\/tr>\n<tr class=\"row-49 odd\">\n\t<td class=\"column-1\">--06--<\/td><td class=\"column-2\">F4FYU Chris<\/td><td class=\"column-3\">06 PT 002<\/td><td class=\"column-4\">GOLFE-JUAN<\/td>\n<\/tr>\n<tr class=\"row-50 even\">\n\t<td class=\"column-1\">--06--<\/td><td class=\"column-2\">F4FYU Chris<\/td><td class=\"column-3\">06 PA 003<\/td><td class=\"column-4\">GOLFE-JUAN<\/td>\n<\/tr>\n<tr class=\"row-51 odd\">\n\t<td class=\"column-1\"><\/td><td class=\"column-2\"><\/td><td class=\"column-3\"><\/td><td class=\"column-4\"><\/td>\n<\/tr>\n<\/tbody>\n<\/table>\n<!-- #tablepress-103 from cache -->\n","protected":false},"excerpt":{"rendered":"","protected":false},"author":1,"featured_media":0,"parent":0,"menu_order":103,"comment_status":"closed","ping_status":"open","template":"","meta":[],"_links":{"self":[{"href":"https:\/\/dcpf.73s.fr\/index.php?rest_route=\/wp\/v2\/pages\/1416"}],"collection":[{"href":"https:\/\/dcpf.73s.fr\/index.php?rest_route=\/wp\/v2\/pages"}],"about":[{"href":"https:\/\/dcpf.73s.fr\/index.php?rest_route=\/wp\/v2\/types\/page"}],"author":[{"embeddable":true,"href":"https:\/\/dcpf.73s.fr\/index.php?rest_route=\/wp\/v2\/users\/1"}],"replies":[{"embeddable":true,"href":"https:\/\/dcpf.73s.fr\/index.php?rest_route=%2Fwp%2Fv2%2Fcomments&post=1416"}],"version-history":[{"count":2,"href":"https:\/\/dcpf.73s.fr\/index.php?rest_route=\/wp\/v2\/pages\/1416\/revisions"}],"predecessor-version":[{"id":1426,"href":"https:\/\/dcpf.73s.fr\/index.php?rest_route=\/wp\/v2\/pages\/1416\/revisions\/1426"}],"wp:attachment":[{"href":"https:\/\/dcpf.73s.fr\/index.php?rest_route=%2Fwp%2Fv2%2Fmedia&parent=1416"}],"curies":[{"name":"wp","href":"https:\/\/api.w.org\/{rel}","templated":true}]}}