{"id":10684,"date":"2020-04-20T15:33:36","date_gmt":"2020-04-20T14:33:36","guid":{"rendered":"http:\/\/dcpf.73s.fr\/?page_id=10684"},"modified":"2020-04-20T15:33:36","modified_gmt":"2020-04-20T14:33:36","slug":"liste-des-references-par-annee","status":"publish","type":"page","link":"https:\/\/dcpf.73s.fr\/?page_id=10684","title":{"rendered":"Liste des R\u00e9f\u00e9rences par Ann\u00e9e"},"content":{"rendered":"\n<p>Choisir l&rsquo;ann\u00e9e dans le menu<\/p>\n","protected":false},"excerpt":{"rendered":"<p>Choisir l&rsquo;ann\u00e9e dans le menu<\/p>\n","protected":false},"author":1,"featured_media":0,"parent":0,"menu_order":0,"comment_status":"closed","ping_status":"closed","template":"","meta":[],"_links":{"self":[{"href":"https:\/\/dcpf.73s.fr\/index.php?rest_route=\/wp\/v2\/pages\/10684"}],"collection":[{"href":"https:\/\/dcpf.73s.fr\/index.php?rest_route=\/wp\/v2\/pages"}],"about":[{"href":"https:\/\/dcpf.73s.fr\/index.php?rest_route=\/wp\/v2\/types\/page"}],"author":[{"embeddable":true,"href":"https:\/\/dcpf.73s.fr\/index.php?rest_route=\/wp\/v2\/users\/1"}],"replies":[{"embeddable":true,"href":"https:\/\/dcpf.73s.fr\/index.php?rest_route=%2Fwp%2Fv2%2Fcomments&post=10684"}],"version-history":[{"count":1,"href":"https:\/\/dcpf.73s.fr\/index.php?rest_route=\/wp\/v2\/pages\/10684\/revisions"}],"predecessor-version":[{"id":10686,"href":"https:\/\/dcpf.73s.fr\/index.php?rest_route=\/wp\/v2\/pages\/10684\/revisions\/10686"}],"wp:attachment":[{"href":"https:\/\/dcpf.73s.fr\/index.php?rest_route=%2Fwp%2Fv2%2Fmedia&parent=10684"}],"curies":[{"name":"wp","href":"https:\/\/api.w.org\/{rel}","templated":true}]}}